{"id":351,"date":"2026-02-19T05:13:16","date_gmt":"2026-02-19T05:13:16","guid":{"rendered":"https:\/\/nasipgrup.com.tr\/?page_id=351"},"modified":"2026-02-23T05:13:06","modified_gmt":"2026-02-23T05:13:06","slug":"paslanmaz","status":"publish","type":"page","link":"https:\/\/nasipgrup.com.tr\/index.php\/paslanmaz\/","title":{"rendered":"Paslanmaz"},"content":{"rendered":"<div  class='flex_column av-av_one_full-59f4f3ca8c728b582fe843b765b06adc av_one_full  avia-builder-el-0  avia-builder-el-no-sibling  first flex_column_div  '     ><p>\n<style type=\"text\/css\" data-created_by=\"avia_inline_auto\" id=\"style-css-av-mlypxi1d-3866d789ba76f620d72ffd88613561d1\">\n#top .av-special-heading.av-mlypxi1d-3866d789ba76f620d72ffd88613561d1{\npadding-bottom:10px;\n}\nbody .av-special-heading.av-mlypxi1d-3866d789ba76f620d72ffd88613561d1 .av-special-heading-tag .heading-char{\nfont-size:25px;\n}\n.av-special-heading.av-mlypxi1d-3866d789ba76f620d72ffd88613561d1 .av-subheading{\nfont-size:15px;\n}\n<\/style>\n<div  class='av-special-heading av-mlypxi1d-3866d789ba76f620d72ffd88613561d1 av-special-heading-h1  avia-builder-el-1  el_before_av_hr  avia-builder-el-first '><h1 class='av-special-heading-tag '  itemprop=\"headline\"  >Paslanmaz<\/h1><div class=\"special-heading-border\"><div class=\"special-heading-inner-border\"><\/div><\/div><\/div><br \/>\n<div  class='hr av-av_hr-bca31578670ae9d408d6d6d291fc57a6 hr-default  avia-builder-el-2  el_after_av_heading  el_before_av_textblock '><span class='hr-inner '><span class=\"hr-inner-style\"><\/span><\/span><\/div><br \/>\n\n<style type=\"text\/css\" data-created_by=\"avia_inline_auto\" id=\"style-css-av-mlypxrr3-f0e69e5c6639767aacfb9cb5097b0b8e\">\n#top .av_textblock_section.av-mlypxrr3-f0e69e5c6639767aacfb9cb5097b0b8e .avia_textblock{\nfont-size:16px;\n}\n<\/style>\n<section  class='av_textblock_section av-mlypxrr3-f0e69e5c6639767aacfb9cb5097b0b8e '   itemscope=\"itemscope\" itemtype=\"https:\/\/schema.org\/CreativeWork\" ><div class='avia_textblock'  itemprop=\"text\" ><p data-start=\"128\" data-end=\"351\">Paslanmaz \u00e7elik; demir esasl\u0131 ala\u015f\u0131ma belirli oranlarda krom (minimum %10,5) ve gerekti\u011finde nikel, molibden gibi ala\u015f\u0131m elementlerinin ilave edilmesiyle elde edilen, korozyona kar\u015f\u0131 y\u00fcksek dayan\u0131m g\u00f6steren \u00e7elik t\u00fcr\u00fcd\u00fcr.<\/p>\n<p data-start=\"353\" data-end=\"616\">Krom elementi sayesinde y\u00fczeyde olu\u015fan ve kendini yenileyebilen pasif oksit tabakas\u0131, malzemenin paslanmaya ve kimyasal etkilere kar\u015f\u0131 korunmas\u0131n\u0131 sa\u011flar. Bu \u00f6zellik, paslanmaz \u00e7eli\u011fi nemli, kimyasal ve d\u0131\u015f ortam ko\u015fullar\u0131nda uzun \u00f6m\u00fcrl\u00fc bir \u00e7\u00f6z\u00fcm haline getirir.<\/p>\n<p data-start=\"618\" data-end=\"830\">Levha, rulo, boru ve profil formlar\u0131nda \u00fcretilebilen paslanmaz \u00e7elik; 304, 316, 430 gibi farkl\u0131 kalite se\u00e7enekleriyle g\u0131da, kimya, medikal, enerji, otomotiv ve mimari uygulamalarda yayg\u0131n olarak kullan\u0131lmaktad\u0131r.<\/p>\n<p data-start=\"832\" data-end=\"990\">Y\u00fcksek mukavemet, hijyenik yap\u0131, estetik y\u00fczey kalitesi ve uzun servis \u00f6mr\u00fc sayesinde hem end\u00fcstriyel hem de dekoratif projelerde g\u00fcvenle tercih edilmektedir.<\/p>\n<\/div><\/section><br \/>\n<div  class='hr av-av_hr-bca31578670ae9d408d6d6d291fc57a6 hr-default  avia-builder-el-4  el_after_av_textblock  el_before_av_image '><span class='hr-inner '><span class=\"hr-inner-style\"><\/span><\/span><\/div><br \/>\n\n<style type=\"text\/css\" data-created_by=\"avia_inline_auto\" id=\"style-css-av-mlyq00b8-ead21cae8939fcff0d35a72020cf4add\">\n.avia-image-container.av-mlyq00b8-ead21cae8939fcff0d35a72020cf4add img.avia_image{\nbox-shadow:none;\n}\n.avia-image-container.av-mlyq00b8-ead21cae8939fcff0d35a72020cf4add .av-image-caption-overlay-center{\ncolor:#ffffff;\n}\n<\/style>\n<div  class='avia-image-container av-mlyq00b8-ead21cae8939fcff0d35a72020cf4add av-styling- avia-align-center  avia-builder-el-5  el_after_av_hr  el_before_av_hr '   itemprop=\"image\" itemscope=\"itemscope\" itemtype=\"https:\/\/schema.org\/ImageObject\" ><div class=\"avia-image-container-inner\"><div class=\"avia-image-overlay-wrap\"><img decoding=\"async\" fetchpriority=\"high\" class='wp-image-378 avia-img-lazy-loading-not-378 avia_image ' src=\"https:\/\/nasipgrup.com.tr\/wp-content\/uploads\/2026\/02\/paslan.jpg\" alt='' title='paslan'  height=\"751\" width=\"1011\"  itemprop=\"thumbnailUrl\" srcset=\"https:\/\/nasipgrup.com.tr\/wp-content\/uploads\/2026\/02\/paslan.jpg 1011w, https:\/\/nasipgrup.com.tr\/wp-content\/uploads\/2026\/02\/paslan-300x223.jpg 300w, https:\/\/nasipgrup.com.tr\/wp-content\/uploads\/2026\/02\/paslan-768x570.jpg 768w, https:\/\/nasipgrup.com.tr\/wp-content\/uploads\/2026\/02\/paslan-705x524.jpg 705w\" sizes=\"(max-width: 1011px) 100vw, 1011px\" \/><\/div><\/div><\/div><br \/>\n<div  class='hr av-av_hr-bca31578670ae9d408d6d6d291fc57a6 hr-default  avia-builder-el-6  el_after_av_image  avia-builder-el-last '><span class='hr-inner '><span class=\"hr-inner-style\"><\/span><\/span><\/div><\/p><\/div>\n","protected":false},"excerpt":{"rendered":"","protected":false},"author":1,"featured_media":0,"parent":0,"menu_order":0,"comment_status":"closed","ping_status":"closed","template":"","meta":{"footnotes":""},"class_list":["post-351","page","type-page","status-publish","hentry"],"_links":{"self":[{"href":"https:\/\/nasipgrup.com.tr\/index.php\/wp-json\/wp\/v2\/pages\/351","targetHints":{"allow":["GET"]}}],"collection":[{"href":"https:\/\/nasipgrup.com.tr\/index.php\/wp-json\/wp\/v2\/pages"}],"about":[{"href":"https:\/\/nasipgrup.com.tr\/index.php\/wp-json\/wp\/v2\/types\/page"}],"author":[{"embeddable":true,"href":"https:\/\/nasipgrup.com.tr\/index.php\/wp-json\/wp\/v2\/users\/1"}],"replies":[{"embeddable":true,"href":"https:\/\/nasipgrup.com.tr\/index.php\/wp-json\/wp\/v2\/comments?post=351"}],"version-history":[{"count":3,"href":"https:\/\/nasipgrup.com.tr\/index.php\/wp-json\/wp\/v2\/pages\/351\/revisions"}],"predecessor-version":[{"id":379,"href":"https:\/\/nasipgrup.com.tr\/index.php\/wp-json\/wp\/v2\/pages\/351\/revisions\/379"}],"wp:attachment":[{"href":"https:\/\/nasipgrup.com.tr\/index.php\/wp-json\/wp\/v2\/media?parent=351"}],"curies":[{"name":"wp","href":"https:\/\/api.w.org\/{rel}","templated":true}]}}