{"id":349,"date":"2026-02-19T05:13:00","date_gmt":"2026-02-19T05:13:00","guid":{"rendered":"https:\/\/nasipgrup.com.tr\/?page_id=349"},"modified":"2026-02-23T05:15:20","modified_gmt":"2026-02-23T05:15:20","slug":"demir","status":"publish","type":"page","link":"https:\/\/nasipgrup.com.tr\/index.php\/demir\/","title":{"rendered":"Demir"},"content":{"rendered":"<div  class='flex_column av-av_one_full-59f4f3ca8c728b582fe843b765b06adc av_one_full  avia-builder-el-0  avia-builder-el-no-sibling  first flex_column_div  '     ><p>\n<style type=\"text\/css\" data-created_by=\"avia_inline_auto\" id=\"style-css-av-mlyq1x7e-19b0bd3a2d3c4e60aeda1cd4445373b5\">\n#top .av-special-heading.av-mlyq1x7e-19b0bd3a2d3c4e60aeda1cd4445373b5{\npadding-bottom:10px;\n}\nbody .av-special-heading.av-mlyq1x7e-19b0bd3a2d3c4e60aeda1cd4445373b5 .av-special-heading-tag .heading-char{\nfont-size:25px;\n}\n.av-special-heading.av-mlyq1x7e-19b0bd3a2d3c4e60aeda1cd4445373b5 .av-subheading{\nfont-size:15px;\n}\n<\/style>\n<div  class='av-special-heading av-mlyq1x7e-19b0bd3a2d3c4e60aeda1cd4445373b5 av-special-heading-h1  avia-builder-el-1  el_before_av_hr  avia-builder-el-first '><h1 class='av-special-heading-tag '  itemprop=\"headline\"  >\u0130n\u015faat Demiri<\/h1><div class=\"special-heading-border\"><div class=\"special-heading-inner-border\"><\/div><\/div><\/div><br \/>\n<div  class='hr av-av_hr-bca31578670ae9d408d6d6d291fc57a6 hr-default  avia-builder-el-2  el_after_av_heading  el_before_av_textblock '><span class='hr-inner '><span class=\"hr-inner-style\"><\/span><\/span><\/div><br \/>\n\n<style type=\"text\/css\" data-created_by=\"avia_inline_auto\" id=\"style-css-av-mlyq1ppl-1520dedaafdc7cea936c6bb5090dae6e\">\n#top .av_textblock_section.av-mlyq1ppl-1520dedaafdc7cea936c6bb5090dae6e .avia_textblock{\nfont-size:16px;\n}\n<\/style>\n<section  class='av_textblock_section av-mlyq1ppl-1520dedaafdc7cea936c6bb5090dae6e '   itemscope=\"itemscope\" itemtype=\"https:\/\/schema.org\/CreativeWork\" ><div class='avia_textblock'  itemprop=\"text\" ><p data-start=\"140\" data-end=\"470\">\u0130n\u015faat demiri; betonarme yap\u0131larda betonun \u00e7ekme dayan\u0131m\u0131n\u0131 art\u0131rmak amac\u0131yla kullan\u0131lan, nerv\u00fcrl\u00fc y\u00fczeye sahip y\u00fcksek mukavemetli donat\u0131 \u00e7eli\u011fidir. \u00c7elik k\u00fct\u00fcklerin (billet) y\u00fcksek s\u0131cakl\u0131kta haddehanelerde \u015fekillendirilmesiyle \u00fcretilir ve y\u00fczeyindeki nerv\u00fcrler sayesinde beton ile aderans\u0131 (tutunmay\u0131) maksimum seviyeye \u00e7\u0131kar\u0131r.<\/p>\n<p data-start=\"472\" data-end=\"744\">Genellikle 8 mm ile 32 mm \u00e7ap aral\u0131\u011f\u0131nda \u00fcretilen in\u015faat demiri; deprem y\u00f6netmeliklerine uygun s\u00fcneklik ve dayan\u0131m \u00f6zellikleri ile yap\u0131 g\u00fcvenli\u011finin temel ta\u015f\u0131d\u0131r. Y\u00fcksek akma dayan\u0131m\u0131 ve esneklik kabiliyeti sayesinde betonarme elemanlar\u0131n y\u00fck ta\u015f\u0131ma kapasitesini art\u0131r\u0131r.<\/p>\n<p data-start=\"746\" data-end=\"939\">TS 708 ve ilgili uluslararas\u0131 standartlara uygun olarak \u00fcretilen nerv\u00fcrl\u00fc donat\u0131 \u00e7elikleri; konut, end\u00fcstriyel tesis, altyap\u0131 ve b\u00fcy\u00fck \u00f6l\u00e7ekli m\u00fchendislik projelerinde g\u00fcvenle kullan\u0131lmaktad\u0131r.<\/p>\n<p data-start=\"941\" data-end=\"1067\">Dayan\u0131kl\u0131l\u0131k, mukavemet ve uzun servis \u00f6mr\u00fc sa\u011flayan in\u015faat demiri, modern yap\u0131 sistemlerinin vazge\u00e7ilmez ta\u015f\u0131y\u0131c\u0131 eleman\u0131d\u0131r.<\/p>\n<\/div><\/section><br \/>\n<div  class='hr av-av_hr-bca31578670ae9d408d6d6d291fc57a6 hr-default  avia-builder-el-4  el_after_av_textblock  el_before_av_image '><span class='hr-inner '><span class=\"hr-inner-style\"><\/span><\/span><\/div><br \/>\n\n<style type=\"text\/css\" data-created_by=\"avia_inline_auto\" id=\"style-css-av-mlyq3ejo-572f53784900358d2bb2f616f425811d\">\n.avia-image-container.av-mlyq3ejo-572f53784900358d2bb2f616f425811d img.avia_image{\nbox-shadow:none;\n}\n.avia-image-container.av-mlyq3ejo-572f53784900358d2bb2f616f425811d .av-image-caption-overlay-center{\ncolor:#ffffff;\n}\n<\/style>\n<div  class='avia-image-container av-mlyq3ejo-572f53784900358d2bb2f616f425811d av-styling- avia-align-center  avia-builder-el-5  el_after_av_hr  el_before_av_hr '   itemprop=\"image\" itemscope=\"itemscope\" itemtype=\"https:\/\/schema.org\/ImageObject\" ><div class=\"avia-image-container-inner\"><div class=\"avia-image-overlay-wrap\"><img decoding=\"async\" fetchpriority=\"high\" class='wp-image-381 avia-img-lazy-loading-not-381 avia_image ' src=\"https:\/\/nasipgrup.com.tr\/wp-content\/uploads\/2026\/02\/n1.jpeg\" alt='' title='n1'  height=\"768\" width=\"1024\"  itemprop=\"thumbnailUrl\" srcset=\"https:\/\/nasipgrup.com.tr\/wp-content\/uploads\/2026\/02\/n1.jpeg 1024w, https:\/\/nasipgrup.com.tr\/wp-content\/uploads\/2026\/02\/n1-300x225.jpeg 300w, https:\/\/nasipgrup.com.tr\/wp-content\/uploads\/2026\/02\/n1-768x576.jpeg 768w, https:\/\/nasipgrup.com.tr\/wp-content\/uploads\/2026\/02\/n1-705x529.jpeg 705w\" sizes=\"(max-width: 1024px) 100vw, 1024px\" \/><\/div><\/div><\/div><br \/>\n<div  class='hr av-av_hr-bca31578670ae9d408d6d6d291fc57a6 hr-default  avia-builder-el-6  el_after_av_image  avia-builder-el-last '><span class='hr-inner '><span class=\"hr-inner-style\"><\/span><\/span><\/div><\/p><\/div>\n","protected":false},"excerpt":{"rendered":"","protected":false},"author":1,"featured_media":0,"parent":0,"menu_order":0,"comment_status":"closed","ping_status":"closed","template":"","meta":{"footnotes":""},"class_list":["post-349","page","type-page","status-publish","hentry"],"_links":{"self":[{"href":"https:\/\/nasipgrup.com.tr\/index.php\/wp-json\/wp\/v2\/pages\/349","targetHints":{"allow":["GET"]}}],"collection":[{"href":"https:\/\/nasipgrup.com.tr\/index.php\/wp-json\/wp\/v2\/pages"}],"about":[{"href":"https:\/\/nasipgrup.com.tr\/index.php\/wp-json\/wp\/v2\/types\/page"}],"author":[{"embeddable":true,"href":"https:\/\/nasipgrup.com.tr\/index.php\/wp-json\/wp\/v2\/users\/1"}],"replies":[{"embeddable":true,"href":"https:\/\/nasipgrup.com.tr\/index.php\/wp-json\/wp\/v2\/comments?post=349"}],"version-history":[{"count":2,"href":"https:\/\/nasipgrup.com.tr\/index.php\/wp-json\/wp\/v2\/pages\/349\/revisions"}],"predecessor-version":[{"id":382,"href":"https:\/\/nasipgrup.com.tr\/index.php\/wp-json\/wp\/v2\/pages\/349\/revisions\/382"}],"wp:attachment":[{"href":"https:\/\/nasipgrup.com.tr\/index.php\/wp-json\/wp\/v2\/media?parent=349"}],"curies":[{"name":"wp","href":"https:\/\/api.w.org\/{rel}","templated":true}]}}