{"id":345,"date":"2026-02-19T05:12:32","date_gmt":"2026-02-19T05:12:32","guid":{"rendered":"https:\/\/nasipgrup.com.tr\/?page_id=345"},"modified":"2026-02-23T05:09:45","modified_gmt":"2026-02-23T05:09:45","slug":"profil","status":"publish","type":"page","link":"https:\/\/nasipgrup.com.tr\/index.php\/profil\/","title":{"rendered":"Profil"},"content":{"rendered":"<div  class='flex_column av-av_one_full-59f4f3ca8c728b582fe843b765b06adc av_one_full  avia-builder-el-0  avia-builder-el-no-sibling  first flex_column_div  '     ><p>\n<style type=\"text\/css\" data-created_by=\"avia_inline_auto\" id=\"style-css-av-mlypuuth-1035e008f0dd0984b491486475c77d22\">\n#top .av-special-heading.av-mlypuuth-1035e008f0dd0984b491486475c77d22{\npadding-bottom:10px;\n}\nbody .av-special-heading.av-mlypuuth-1035e008f0dd0984b491486475c77d22 .av-special-heading-tag .heading-char{\nfont-size:25px;\n}\n.av-special-heading.av-mlypuuth-1035e008f0dd0984b491486475c77d22 .av-subheading{\nfont-size:15px;\n}\n<\/style>\n<div  class='av-special-heading av-mlypuuth-1035e008f0dd0984b491486475c77d22 av-special-heading-h1  avia-builder-el-1  el_before_av_hr  avia-builder-el-first '><h1 class='av-special-heading-tag '  itemprop=\"headline\"  >Profil Boru<\/h1><div class=\"special-heading-border\"><div class=\"special-heading-inner-border\"><\/div><\/div><\/div><br \/>\n<div  class='hr av-av_hr-bca31578670ae9d408d6d6d291fc57a6 hr-default  avia-builder-el-2  el_after_av_heading  el_before_av_textblock '><span class='hr-inner '><span class=\"hr-inner-style\"><\/span><\/span><\/div><br \/>\n\n<style type=\"text\/css\" data-created_by=\"avia_inline_auto\" id=\"style-css-av-mlypuoky-828ffa400f17967239c77bc73904176b\">\n#top .av_textblock_section.av-mlypuoky-828ffa400f17967239c77bc73904176b .avia_textblock{\nfont-size:16px;\n}\n<\/style>\n<section  class='av_textblock_section av-mlypuoky-828ffa400f17967239c77bc73904176b '   itemscope=\"itemscope\" itemtype=\"https:\/\/schema.org\/CreativeWork\" ><div class='avia_textblock'  itemprop=\"text\" ><p data-start=\"143\" data-end=\"401\">S\u0131cak veya so\u011fuk haddelenmi\u015f yass\u0131 \u00e7eli\u011fin, roll-form hatlar\u0131nda \u015fekillendirilerek boru formuna getirilmesi ve y\u00fcksek frekans kayna\u011f\u0131 (ERW) ile boyuna kaynak yap\u0131lmas\u0131 sonucu elde edilen; kare, dikd\u00f6rtgen veya \u00f6zel kesitli kapal\u0131 kesitli \u00e7elik mamullerdir.<\/p>\n<p data-start=\"403\" data-end=\"624\">Genellikle 0,80 mm ile 10,00 mm et kal\u0131nl\u0131\u011f\u0131 aral\u0131\u011f\u0131nda \u00fcretilen profil borular; yap\u0131, \u00e7elik konstr\u00fcksiyon, makine imalat\u0131, otomotiv, mobilya ve sanayi uygulamalar\u0131nda ta\u015f\u0131y\u0131c\u0131 ve destek eleman\u0131 olarak kullan\u0131lmaktad\u0131r.<\/p>\n<p data-start=\"626\" data-end=\"780\">Standartlara uygun olarak \u00fcretilen profil borular; y\u00fcksek mukavemet, d\u00fczg\u00fcn y\u00fczey kalitesi ve \u00f6l\u00e7\u00fc hassasiyeti ile projelerde g\u00fcvenle tercih edilmektedir.<\/p>\n<\/div><\/section><br \/>\n<div  class='hr av-av_hr-bca31578670ae9d408d6d6d291fc57a6 hr-default  avia-builder-el-4  el_after_av_textblock  el_before_av_image '><span class='hr-inner '><span class=\"hr-inner-style\"><\/span><\/span><\/div><br \/>\n\n<style type=\"text\/css\" data-created_by=\"avia_inline_auto\" id=\"style-css-av-mlypw7d0-aef70bb7a4594c33341d9376fdc7b36d\">\n.avia-image-container.av-mlypw7d0-aef70bb7a4594c33341d9376fdc7b36d img.avia_image{\nbox-shadow:none;\n}\n.avia-image-container.av-mlypw7d0-aef70bb7a4594c33341d9376fdc7b36d .av-image-caption-overlay-center{\ncolor:#ffffff;\n}\n<\/style>\n<div  class='avia-image-container av-mlypw7d0-aef70bb7a4594c33341d9376fdc7b36d av-styling- avia-align-center  avia-builder-el-5  el_after_av_hr  el_before_av_hr '   itemprop=\"image\" itemscope=\"itemscope\" itemtype=\"https:\/\/schema.org\/ImageObject\" ><div class=\"avia-image-container-inner\"><div class=\"avia-image-overlay-wrap\"><img decoding=\"async\" fetchpriority=\"high\" class='wp-image-374 avia-img-lazy-loading-not-374 avia_image ' src=\"https:\/\/nasipgrup.com.tr\/wp-content\/uploads\/2026\/02\/boru-profil-turleri-nelerdir-yapi-ve-kutu-profiller2.jpg\" alt='' title='boru-profil-turleri-nelerdir-yapi-ve-kutu-profiller2'  height=\"700\" width=\"1200\"  itemprop=\"thumbnailUrl\" srcset=\"https:\/\/nasipgrup.com.tr\/wp-content\/uploads\/2026\/02\/boru-profil-turleri-nelerdir-yapi-ve-kutu-profiller2.jpg 1200w, https:\/\/nasipgrup.com.tr\/wp-content\/uploads\/2026\/02\/boru-profil-turleri-nelerdir-yapi-ve-kutu-profiller2-300x175.jpg 300w, https:\/\/nasipgrup.com.tr\/wp-content\/uploads\/2026\/02\/boru-profil-turleri-nelerdir-yapi-ve-kutu-profiller2-1030x601.jpg 1030w, https:\/\/nasipgrup.com.tr\/wp-content\/uploads\/2026\/02\/boru-profil-turleri-nelerdir-yapi-ve-kutu-profiller2-768x448.jpg 768w, https:\/\/nasipgrup.com.tr\/wp-content\/uploads\/2026\/02\/boru-profil-turleri-nelerdir-yapi-ve-kutu-profiller2-705x411.jpg 705w\" sizes=\"(max-width: 1200px) 100vw, 1200px\" \/><\/div><\/div><\/div><br \/>\n<div  class='hr av-av_hr-bca31578670ae9d408d6d6d291fc57a6 hr-default  avia-builder-el-6  el_after_av_image  avia-builder-el-last '><span class='hr-inner '><span class=\"hr-inner-style\"><\/span><\/span><\/div><\/p><\/div>\n","protected":false},"excerpt":{"rendered":"","protected":false},"author":1,"featured_media":0,"parent":0,"menu_order":0,"comment_status":"closed","ping_status":"closed","template":"","meta":{"footnotes":""},"class_list":["post-345","page","type-page","status-publish","hentry"],"_links":{"self":[{"href":"https:\/\/nasipgrup.com.tr\/index.php\/wp-json\/wp\/v2\/pages\/345","targetHints":{"allow":["GET"]}}],"collection":[{"href":"https:\/\/nasipgrup.com.tr\/index.php\/wp-json\/wp\/v2\/pages"}],"about":[{"href":"https:\/\/nasipgrup.com.tr\/index.php\/wp-json\/wp\/v2\/types\/page"}],"author":[{"embeddable":true,"href":"https:\/\/nasipgrup.com.tr\/index.php\/wp-json\/wp\/v2\/users\/1"}],"replies":[{"embeddable":true,"href":"https:\/\/nasipgrup.com.tr\/index.php\/wp-json\/wp\/v2\/comments?post=345"}],"version-history":[{"count":2,"href":"https:\/\/nasipgrup.com.tr\/index.php\/wp-json\/wp\/v2\/pages\/345\/revisions"}],"predecessor-version":[{"id":375,"href":"https:\/\/nasipgrup.com.tr\/index.php\/wp-json\/wp\/v2\/pages\/345\/revisions\/375"}],"wp:attachment":[{"href":"https:\/\/nasipgrup.com.tr\/index.php\/wp-json\/wp\/v2\/media?parent=345"}],"curies":[{"name":"wp","href":"https:\/\/api.w.org\/{rel}","templated":true}]}}