{"id":343,"date":"2026-02-19T05:12:09","date_gmt":"2026-02-19T05:12:09","guid":{"rendered":"https:\/\/nasipgrup.com.tr\/?page_id=343"},"modified":"2026-02-23T05:07:58","modified_gmt":"2026-02-23T05:07:58","slug":"sac","status":"publish","type":"page","link":"https:\/\/nasipgrup.com.tr\/index.php\/sac\/","title":{"rendered":"Sa\u00e7"},"content":{"rendered":"<div  class='flex_column av-pghbj-6720c390250be981a4832d01ff491efb av_one_full  avia-builder-el-0  avia-builder-el-no-sibling  first flex_column_div  '     ><p>\n<style type=\"text\/css\" data-created_by=\"avia_inline_auto\" id=\"style-css-av-mlyploae-49d1f82ff4acc31fdd083fa76d2ca8c3\">\n#top .av-special-heading.av-mlyploae-49d1f82ff4acc31fdd083fa76d2ca8c3{\npadding-bottom:10px;\n}\nbody .av-special-heading.av-mlyploae-49d1f82ff4acc31fdd083fa76d2ca8c3 .av-special-heading-tag .heading-char{\nfont-size:25px;\n}\n.av-special-heading.av-mlyploae-49d1f82ff4acc31fdd083fa76d2ca8c3 .av-subheading{\nfont-size:15px;\n}\n<\/style>\n<div  class='av-special-heading av-mlyploae-49d1f82ff4acc31fdd083fa76d2ca8c3 av-special-heading-h1  avia-builder-el-1  el_before_av_hr  avia-builder-el-first '><h1 class='av-special-heading-tag '  itemprop=\"headline\"  >Sa\u00e7<\/h1><div class=\"special-heading-border\"><div class=\"special-heading-inner-border\"><\/div><\/div><\/div><br \/>\n<div  class='hr av-iprnz-62e346ef60e9c710d7453b824e50ed57 hr-default  avia-builder-el-2  el_after_av_heading  el_before_av_textblock '><span class='hr-inner '><span class=\"hr-inner-style\"><\/span><\/span><\/div><br \/>\n\n<style type=\"text\/css\" data-created_by=\"avia_inline_auto\" id=\"style-css-av-mlypnhk2-ee5c6e3822c89a98e6dc9bcd8bce7d61\">\n#top .av_textblock_section.av-mlypnhk2-ee5c6e3822c89a98e6dc9bcd8bce7d61 .avia_textblock{\nfont-size:16px;\n}\n<\/style>\n<section  class='av_textblock_section av-mlypnhk2-ee5c6e3822c89a98e6dc9bcd8bce7d61 '   itemscope=\"itemscope\" itemtype=\"https:\/\/schema.org\/CreativeWork\" ><div class='avia_textblock'  itemprop=\"text\" ><p>Slab olarak adland\u0131r\u0131lan ve s\u0131v\u0131 \u00e7eli\u011fin, s\u00fcrekli d\u00f6k\u00fcm y\u00f6ntemiyle kat\u0131la\u015ft\u0131r\u0131lmas\u0131 sonucu meydana gelen, dikd\u00f6rtgen kesitli yar\u0131 \u00fcr\u00fcn\u00fcn, s\u0131cak haddehanede, s\u0131cak olarak haddelenmesi ile elde edilen ve<br \/>\nkal\u0131nl\u0131klar\u0131 1,50-20,00 mm aral\u0131\u011f\u0131nda de\u011fi\u015fen rulo veya sac \u015feklindeki yass\u0131 \u00e7eliktir.<\/p>\n<\/div><\/section><br \/>\n<div  class='hr av-ez3o7-883129c87e6337f4393c2aff29c6a9f4 hr-default  avia-builder-el-4  el_after_av_textblock  el_before_av_image '><span class='hr-inner '><span class=\"hr-inner-style\"><\/span><\/span><\/div><br \/>\n\n<style type=\"text\/css\" data-created_by=\"avia_inline_auto\" id=\"style-css-av-mlypofbq-3b57b76e1088fec016e3e226b45eb54a\">\n.avia-image-container.av-mlypofbq-3b57b76e1088fec016e3e226b45eb54a img.avia_image{\nbox-shadow:none;\n}\n.avia-image-container.av-mlypofbq-3b57b76e1088fec016e3e226b45eb54a .av-image-caption-overlay-center{\ncolor:#ffffff;\n}\n<\/style>\n<div  class='avia-image-container av-mlypofbq-3b57b76e1088fec016e3e226b45eb54a av-styling- avia-align-center  avia-builder-el-5  el_after_av_hr  el_before_av_hr '   itemprop=\"image\" itemscope=\"itemscope\" itemtype=\"https:\/\/schema.org\/ImageObject\" ><div class=\"avia-image-container-inner\"><div class=\"avia-image-overlay-wrap\"><img decoding=\"async\" fetchpriority=\"high\" class='wp-image-368 avia-img-lazy-loading-not-368 avia_image ' src=\"https:\/\/nasipgrup.com.tr\/wp-content\/uploads\/2026\/02\/sac.png\" alt='' title='sac'  height=\"634\" width=\"1100\"  itemprop=\"thumbnailUrl\" srcset=\"https:\/\/nasipgrup.com.tr\/wp-content\/uploads\/2026\/02\/sac.png 1100w, https:\/\/nasipgrup.com.tr\/wp-content\/uploads\/2026\/02\/sac-300x173.png 300w, https:\/\/nasipgrup.com.tr\/wp-content\/uploads\/2026\/02\/sac-1030x594.png 1030w, https:\/\/nasipgrup.com.tr\/wp-content\/uploads\/2026\/02\/sac-768x443.png 768w, https:\/\/nasipgrup.com.tr\/wp-content\/uploads\/2026\/02\/sac-705x406.png 705w\" sizes=\"(max-width: 1100px) 100vw, 1100px\" \/><\/div><\/div><\/div><br \/>\n<div  class='hr av-9sufb-1e9af5c1173e6ccf50d61206ffb43e2a hr-default  avia-builder-el-6  el_after_av_image  avia-builder-el-last '><span class='hr-inner '><span class=\"hr-inner-style\"><\/span><\/span><\/div><\/p><\/div>\n","protected":false},"excerpt":{"rendered":"","protected":false},"author":1,"featured_media":0,"parent":0,"menu_order":0,"comment_status":"closed","ping_status":"closed","template":"","meta":{"footnotes":""},"class_list":["post-343","page","type-page","status-publish","hentry"],"_links":{"self":[{"href":"https:\/\/nasipgrup.com.tr\/index.php\/wp-json\/wp\/v2\/pages\/343","targetHints":{"allow":["GET"]}}],"collection":[{"href":"https:\/\/nasipgrup.com.tr\/index.php\/wp-json\/wp\/v2\/pages"}],"about":[{"href":"https:\/\/nasipgrup.com.tr\/index.php\/wp-json\/wp\/v2\/types\/page"}],"author":[{"embeddable":true,"href":"https:\/\/nasipgrup.com.tr\/index.php\/wp-json\/wp\/v2\/users\/1"}],"replies":[{"embeddable":true,"href":"https:\/\/nasipgrup.com.tr\/index.php\/wp-json\/wp\/v2\/comments?post=343"}],"version-history":[{"count":4,"href":"https:\/\/nasipgrup.com.tr\/index.php\/wp-json\/wp\/v2\/pages\/343\/revisions"}],"predecessor-version":[{"id":373,"href":"https:\/\/nasipgrup.com.tr\/index.php\/wp-json\/wp\/v2\/pages\/343\/revisions\/373"}],"wp:attachment":[{"href":"https:\/\/nasipgrup.com.tr\/index.php\/wp-json\/wp\/v2\/media?parent=343"}],"curies":[{"name":"wp","href":"https:\/\/api.w.org\/{rel}","templated":true}]}}