{"id":31,"date":"2015-10-21T12:34:01","date_gmt":"2015-10-21T12:34:01","guid":{"rendered":"http:\/\/test.kriesi.at\/construction\/?page_id=31"},"modified":"2026-02-15T18:30:02","modified_gmt":"2026-02-15T18:30:02","slug":"company","status":"publish","type":"page","link":"https:\/\/nasipgrup.com.tr\/index.php\/company\/","title":{"rendered":"Kurumsal"},"content":{"rendered":"<div id='av_section_1'  class='avia-section av-mfxzb-99ef408fb2cae76fa619b9c81016b0e9 main_color avia-section-large avia-no-border-styling  avia-builder-el-0  avia-builder-el-no-sibling  avia-bg-style-scroll container_wrap sidebar_right'  ><div class='container av-section-cont-open' ><main  role=\"main\" itemprop=\"mainContentOfPage\"  class='template-page content  av-content-small alpha units'><div class='post-entry post-entry-type-page post-entry-31'><div class='entry-content-wrapper clearfix'>\n\n<style type=\"text\/css\" data-created_by=\"avia_inline_auto\" id=\"style-css-av-26o77-734a86c03982f973029f39e50ec6982f\">\n#top .av-special-heading.av-26o77-734a86c03982f973029f39e50ec6982f{\npadding-bottom:0;\n}\nbody .av-special-heading.av-26o77-734a86c03982f973029f39e50ec6982f .av-special-heading-tag .heading-char{\nfont-size:25px;\n}\n.av-special-heading.av-26o77-734a86c03982f973029f39e50ec6982f .av-subheading{\nfont-size:15px;\n}\n<\/style>\n<div  class='av-special-heading av-26o77-734a86c03982f973029f39e50ec6982f av-special-heading-h2 blockquote modern-quote modern-centered  avia-builder-el-1  el_before_av_hr  avia-builder-el-first '><h2 class='av-special-heading-tag '  itemprop=\"headline\"  >Kurumsal<\/h2><div class=\"special-heading-border\"><div class=\"special-heading-inner-border\"><\/div><\/div><\/div>\n\n<style type=\"text\/css\" data-created_by=\"avia_inline_auto\" id=\"style-css-av-lcyyz-702b02481da9a704192d8e6019ca06f4\">\n#top .hr.av-lcyyz-702b02481da9a704192d8e6019ca06f4{\nmargin-top:5px;\nmargin-bottom:75px;\n}\n.hr.av-lcyyz-702b02481da9a704192d8e6019ca06f4 .hr-inner{\nwidth:50px;\nborder-color:#efbb20;\n}\n<\/style>\n<div  class='hr av-lcyyz-702b02481da9a704192d8e6019ca06f4 hr-custom  avia-builder-el-2  el_after_av_heading  el_before_av_two_fifth  hr-center hr-icon-no'><span class='hr-inner inner-border-av-border-fat'><span class=\"hr-inner-style\"><\/span><\/span><\/div>\n\n<style type=\"text\/css\" data-created_by=\"avia_inline_auto\" id=\"style-css-av-khwwz-567c452b51c5ec5c9e5f6ea730bf9a5e\">\n.flex_column.av-khwwz-567c452b51c5ec5c9e5f6ea730bf9a5e{\nborder-radius:0px 0px 0px 0px;\npadding:0px 0px 0px 0px;\n}\n<\/style>\n<div  class='flex_column av-khwwz-567c452b51c5ec5c9e5f6ea730bf9a5e av_two_fifth  avia-builder-el-3  el_after_av_hr  el_before_av_three_fifth  first flex_column_div av-animated-generic bottom-to-top av-zero-column-padding  '     ><style type=\"text\/css\" data-created_by=\"avia_inline_auto\" id=\"style-css-av-mlo2yjv1-b651b6c21bcb84a4c41248f690b647a9\">\n.avia-image-container.av-mlo2yjv1-b651b6c21bcb84a4c41248f690b647a9 img.avia_image{\nbox-shadow:none;\n}\n.avia-image-container.av-mlo2yjv1-b651b6c21bcb84a4c41248f690b647a9 .av-image-caption-overlay-center{\ncolor:#ffffff;\n}\n<\/style>\n<div  class='avia-image-container av-mlo2yjv1-b651b6c21bcb84a4c41248f690b647a9 av-styling- avia-align-center  avia-builder-el-4  avia-builder-el-no-sibling '   itemprop=\"image\" itemscope=\"itemscope\" itemtype=\"https:\/\/schema.org\/ImageObject\" ><div class=\"avia-image-container-inner\"><div class=\"avia-image-overlay-wrap\"><img decoding=\"async\" fetchpriority=\"high\" class='wp-image-287 avia-img-lazy-loading-not-287 avia_image ' src=\"https:\/\/nasipgrup.com.tr\/wp-content\/uploads\/2026\/02\/resim.jpg\" alt='' title='resim'  height=\"793\" width=\"957\"  itemprop=\"thumbnailUrl\" srcset=\"https:\/\/nasipgrup.com.tr\/wp-content\/uploads\/2026\/02\/resim.jpg 957w, https:\/\/nasipgrup.com.tr\/wp-content\/uploads\/2026\/02\/resim-300x249.jpg 300w, https:\/\/nasipgrup.com.tr\/wp-content\/uploads\/2026\/02\/resim-768x636.jpg 768w, https:\/\/nasipgrup.com.tr\/wp-content\/uploads\/2026\/02\/resim-705x584.jpg 705w\" sizes=\"(max-width: 957px) 100vw, 957px\" \/><\/div><\/div><\/div><\/div>\n<style type=\"text\/css\" data-created_by=\"avia_inline_auto\" id=\"style-css-av-jhuaz-442958701ef4b1215e726bfab059c3ed\">\n.flex_column.av-jhuaz-442958701ef4b1215e726bfab059c3ed{\nborder-radius:0px 0px 0px 0px;\npadding:0px 0px 0px 0px;\n}\n<\/style>\n<div  class='flex_column av-jhuaz-442958701ef4b1215e726bfab059c3ed av_three_fifth  avia-builder-el-5  el_after_av_two_fifth  avia-builder-el-last  flex_column_div av-animated-generic bottom-to-top av-zero-column-padding  '     ><section  class='av_textblock_section av-mlo2mwps-d82f65966e9f4afdaa441ced34d86da9 '   itemscope=\"itemscope\" itemtype=\"https:\/\/schema.org\/CreativeWork\" ><div class='avia_textblock'  itemprop=\"text\" ><h2 data-start=\"230\" data-end=\"243\">HAKKIMIZDA<\/h2>\n<p data-start=\"245\" data-end=\"388\"><strong data-start=\"245\" data-end=\"311\">NAS\u0130P SA\u00c7 \u0130n\u015faat Metal \u00dcr\u00fcnleri Sanayi Ticaret Limited \u015eirketi<\/strong>, \u0130zmir merkezli olarak metal ve in\u015faat sekt\u00f6r\u00fcnde faaliyet g\u00f6stermektedir.<\/p>\n<p data-start=\"390\" data-end=\"612\">Metal sa\u00e7 al\u0131m-sat\u0131m\u0131, kimyasal hammadde temini, in\u015faat malzemeleri tedariki, kumlama ve boyama hizmetleri ile \u00e7elik konstr\u00fcksiyon \u00fcr\u00fcnleri sat\u0131\u015f\u0131 alanlar\u0131nda m\u00fc\u015fterilerine g\u00fcvenilir ve s\u00fcrd\u00fcr\u00fclebilir \u00e7\u00f6z\u00fcmler sunmaktad\u0131r.<\/p>\n<p data-start=\"614\" data-end=\"855\">Kuruldu\u011fumuz g\u00fcnden bu yana kalite, g\u00fcven ve zaman\u0131nda teslim prensiplerini temel ilke olarak benimseyen firmam\u0131z; sanayi kurulu\u015flar\u0131, in\u015faat firmalar\u0131 ve \u00fcretim yapan i\u015fletmeler i\u00e7in g\u00fc\u00e7l\u00fc bir tedarik ve \u00e7\u00f6z\u00fcm orta\u011f\u0131 olmay\u0131 hedeflemektedir.<\/p>\n<p data-start=\"857\" data-end=\"1025\">Sekt\u00f6rdeki tecr\u00fcbemiz, g\u00fc\u00e7l\u00fc tedarik a\u011f\u0131m\u0131z ve m\u00fc\u015fteri odakl\u0131 yakla\u015f\u0131m\u0131m\u0131z sayesinde projelere de\u011fer kat\u0131yor; ihtiya\u00e7lara h\u0131zl\u0131, ekonomik ve kal\u0131c\u0131 \u00e7\u00f6z\u00fcmler \u00fcretiyoruz.<\/p>\n<hr data-start=\"1027\" data-end=\"1030\" \/>\n<h2 data-start=\"1032\" data-end=\"1045\">M\u0130SYONUMUZ<\/h2>\n<p data-start=\"1047\" data-end=\"1105\">Metal, kimyasal hammadde ve in\u015faat malzemeleri alan\u0131nda;<\/p>\n<ul data-start=\"1106\" data-end=\"1417\">\n<li data-start=\"1106\" data-end=\"1156\">\n<p data-start=\"1108\" data-end=\"1156\">Kaliteli \u00fcr\u00fcnleri rekabet\u00e7i fiyatlarla sunmak,<\/p>\n<\/li>\n<li data-start=\"1157\" data-end=\"1252\">\n<p data-start=\"1159\" data-end=\"1252\">M\u00fc\u015fterilerimizin ihtiya\u00e7lar\u0131n\u0131 do\u011fru analiz ederek zaman\u0131nda ve eksiksiz teslimat sa\u011flamak,<\/p>\n<\/li>\n<li data-start=\"1253\" data-end=\"1333\">\n<p data-start=\"1255\" data-end=\"1333\">Kumlama, boyama ve \u00e7elik konstr\u00fcksiyon \u00e7\u00f6z\u00fcmlerinde g\u00fcvenilir hizmet sunmak,<\/p>\n<\/li>\n<li data-start=\"1334\" data-end=\"1417\">\n<p data-start=\"1336\" data-end=\"1417\">Sekt\u00f6rde uzun vadeli i\u015f ortakl\u0131klar\u0131 kurarak s\u00fcrd\u00fcr\u00fclebilir b\u00fcy\u00fcmeyi desteklemek.<\/p>\n<\/li>\n<\/ul>\n<hr data-start=\"1419\" data-end=\"1422\" \/>\n<h2 data-start=\"1424\" data-end=\"1437\">V\u0130ZYONUMUZ<\/h2>\n<p data-start=\"1439\" data-end=\"1468\">Metal ve in\u015faat sekt\u00f6r\u00fcnde;<\/p>\n<ul data-start=\"1469\" data-end=\"1704\">\n<li data-start=\"1469\" data-end=\"1523\">\n<p data-start=\"1471\" data-end=\"1523\">G\u00fcvenilirli\u011fi ve kalite anlay\u0131\u015f\u0131yla tercih edilen,<\/p>\n<\/li>\n<li data-start=\"1524\" data-end=\"1567\">\n<p data-start=\"1526\" data-end=\"1567\">B\u00f6lgesel g\u00fcc\u00fcn\u00fc ulusal \u00f6l\u00e7ekte b\u00fcy\u00fcten,<\/p>\n<\/li>\n<li data-start=\"1568\" data-end=\"1617\">\n<p data-start=\"1570\" data-end=\"1617\">Teknoloji ve yenilikleri yak\u0131ndan takip eden,<\/p>\n<\/li>\n<li data-start=\"1618\" data-end=\"1704\">\n<p data-start=\"1620\" data-end=\"1704\">S\u00fcrd\u00fcr\u00fclebilir ve kurumsal yap\u0131s\u0131yla sekt\u00f6re y\u00f6n veren lider firmalardan biri olmak.<\/p>\n<\/li>\n<\/ul>\n<\/div><\/section><\/div><\/div><\/div><\/main><!-- close content main element --><\/div><\/div><div id='after_section_1'  class='main_color av_default_container_wrap container_wrap sidebar_right'  ><div class='container av-section-cont-open' ><div class='template-page content  av-content-small alpha units'><div class='post-entry post-entry-type-page post-entry-31'><div class='entry-content-wrapper clearfix'>\n","protected":false},"excerpt":{"rendered":"","protected":false},"author":1,"featured_media":0,"parent":0,"menu_order":0,"comment_status":"closed","ping_status":"closed","template":"","meta":{"footnotes":""},"class_list":["post-31","page","type-page","status-publish","hentry"],"_links":{"self":[{"href":"https:\/\/nasipgrup.com.tr\/index.php\/wp-json\/wp\/v2\/pages\/31","targetHints":{"allow":["GET"]}}],"collection":[{"href":"https:\/\/nasipgrup.com.tr\/index.php\/wp-json\/wp\/v2\/pages"}],"about":[{"href":"https:\/\/nasipgrup.com.tr\/index.php\/wp-json\/wp\/v2\/types\/page"}],"author":[{"embeddable":true,"href":"https:\/\/nasipgrup.com.tr\/index.php\/wp-json\/wp\/v2\/users\/1"}],"replies":[{"embeddable":true,"href":"https:\/\/nasipgrup.com.tr\/index.php\/wp-json\/wp\/v2\/comments?post=31"}],"version-history":[{"count":4,"href":"https:\/\/nasipgrup.com.tr\/index.php\/wp-json\/wp\/v2\/pages\/31\/revisions"}],"predecessor-version":[{"id":288,"href":"https:\/\/nasipgrup.com.tr\/index.php\/wp-json\/wp\/v2\/pages\/31\/revisions\/288"}],"wp:attachment":[{"href":"https:\/\/nasipgrup.com.tr\/index.php\/wp-json\/wp\/v2\/media?parent=31"}],"curies":[{"name":"wp","href":"https:\/\/api.w.org\/{rel}","templated":true}]}}