{"id":289,"date":"2026-02-15T18:30:46","date_gmt":"2026-02-15T18:30:46","guid":{"rendered":"https:\/\/nasipgrup.com.tr\/?page_id=289"},"modified":"2026-02-15T20:43:56","modified_gmt":"2026-02-15T20:43:56","slug":"insan-kaynaklari","status":"publish","type":"page","link":"https:\/\/nasipgrup.com.tr\/index.php\/insan-kaynaklari\/","title":{"rendered":"\u0130nsan Kaynaklar\u0131"},"content":{"rendered":"<div  class='flex_column av-av_one_full-59f4f3ca8c728b582fe843b765b06adc av_one_full  avia-builder-el-0  el_before_av_two_fifth  avia-builder-el-first  first flex_column_div  '     ><style type=\"text\/css\" data-created_by=\"avia_inline_auto\" id=\"style-css-av-mlo30x2z-6ce33ec9a94b388f881b1ad0a699588b\">\n#top .av-special-heading.av-mlo30x2z-6ce33ec9a94b388f881b1ad0a699588b{\npadding-bottom:10px;\n}\nbody .av-special-heading.av-mlo30x2z-6ce33ec9a94b388f881b1ad0a699588b .av-special-heading-tag .heading-char{\nfont-size:25px;\n}\n.av-special-heading.av-mlo30x2z-6ce33ec9a94b388f881b1ad0a699588b .av-subheading{\nfont-size:15px;\n}\n<\/style>\n<div  class='av-special-heading av-mlo30x2z-6ce33ec9a94b388f881b1ad0a699588b av-special-heading-h2 blockquote modern-quote modern-centered  avia-builder-el-1  avia-builder-el-no-sibling '><h2 class='av-special-heading-tag '  itemprop=\"headline\"  >\u0130nsan Kaynaklar\u0131<\/h2><div class=\"special-heading-border\"><div class=\"special-heading-inner-border\"><\/div><\/div><\/div><\/div><div  class='flex_column av-av_two_fifth-59f4f3ca8c728b582fe843b765b06adc av_two_fifth  avia-builder-el-2  el_after_av_one_full  el_before_av_three_fifth  first flex_column_div  column-top-margin'     ><section  class='av_textblock_section av-mlo7jksc-ae982c0c1e62ebf9e84ba0a74c4b8cc2 '   itemscope=\"itemscope\" itemtype=\"https:\/\/schema.org\/CreativeWork\" ><div class='avia_textblock'  itemprop=\"text\" ><p>Nasip Grup yeni \u00e7al\u0131\u015fma arkada\u015flar\u0131 ar\u0131yor.<\/p>\n<p>Daha \u00f6nce sekt\u00f6r\u00fcm\u00fczde \u00e7al\u0131\u015ft\u0131ysan\u0131z yada sekt\u00f6r\u00fcm\u00fczde \u00e7al\u0131\u015fmak istiyorsan\u0131z yandaki ba\u015fvuru formunu kullanarak bize ula\u015fabilirsiniz.<\/p>\n<\/div><\/section><\/div><div  class='flex_column av-av_three_fifth-4170da8ffa4cdb2c373fe71d3d7f8b3e av_three_fifth  avia-builder-el-4  el_after_av_two_fifth  avia-builder-el-last  flex_column_div  column-top-margin'     ><p>\n<style type=\"text\/css\" data-created_by=\"avia_inline_auto\" id=\"style-css-av-mlo7nz1h-e59d7edcb8ba024f9a6feb31076d4bfb\">\n#top .av-special-heading.av-mlo7nz1h-e59d7edcb8ba024f9a6feb31076d4bfb{\npadding-bottom:10px;\n}\nbody .av-special-heading.av-mlo7nz1h-e59d7edcb8ba024f9a6feb31076d4bfb .av-special-heading-tag .heading-char{\nfont-size:25px;\n}\n.av-special-heading.av-mlo7nz1h-e59d7edcb8ba024f9a6feb31076d4bfb .av-subheading{\nfont-size:15px;\n}\n<\/style>\n<div  class='av-special-heading av-mlo7nz1h-e59d7edcb8ba024f9a6feb31076d4bfb av-special-heading-h4  avia-builder-el-5  el_before_av_contact  avia-builder-el-first '><h4 class='av-special-heading-tag '  itemprop=\"headline\"  >\u0130\u015f Ba\u015fvuru Formu<\/h4><div class=\"special-heading-border\"><div class=\"special-heading-inner-border\"><\/div><\/div><\/div><br \/>\n<form action=\"https:\/\/nasipgrup.com.tr\/index.php\/insan-kaynaklari\/\" method=\"post\" data-fields-with-error=\"Found errors in the following field(s):\" class=\"avia_ajax_form av-form-labels-visible   avia-builder-el-6  el_after_av_heading  avia-builder-el-last   \" data-avia-form-id=\"1\" data-avia-redirect=''  aria-label='Kontakt Formu' ><fieldset><p class='  first_form  form_element form_fullwidth' id='element_avia_1_1'><label for=\"avia_1_1\">\u0130sim Soyisim <abbr class=\"required\" title=\"Zorunlu\">*<\/abbr><\/label> <input name=\"avia_1_1\" class=\"text_input is_empty\" type=\"text\" id=\"avia_1_1\" value=\"\" \/><\/p><p class='  first_form  form_element form_fullwidth' id='element_avia_2_1'><label for=\"avia_2_1\">Telefon <abbr class=\"required\" title=\"Zorunlu\">*<\/abbr><\/label> <input name=\"avia_2_1\" class=\"text_input is_empty\" type=\"text\" id=\"avia_2_1\" value=\"\" \/><\/p><p class='  first_form  form_element form_fullwidth' id='element_avia_3_1'><label for=\"avia_3_1\">E-Posta <abbr class=\"required\" title=\"Zorunlu\">*<\/abbr><\/label> <input name=\"avia_3_1\" class=\"text_input is_email\" type=\"text\" id=\"avia_3_1\" value=\"\" \/><\/p><p class='  first_form  form_element form_fullwidth' id='element_avia_4_1'><label for=\"avia_4_1\" class=\"textare_label hidden textare_label_avia_4_1\">Adres <abbr class=\"required\" title=\"Zorunlu\">*<\/abbr><\/label><textarea  name=\"avia_4_1\" class=\"text_area is_empty\" cols=\"40\" rows=\"7\" id=\"avia_4_1\" ><\/textarea><\/p><p class='  first_form  form_element form_fullwidth' id='element_avia_5_1'><label for=\"avia_5_1\">\u00c7al\u0131\u015fmak \u0130stedi\u011finiz Departman <abbr class=\"required\" title=\"Zorunlu\">*<\/abbr><\/label> <input name=\"avia_5_1\" class=\"text_input is_empty\" type=\"text\" id=\"avia_5_1\" value=\"\" \/><\/p><p class='  first_form  form_element form_fullwidth' id='element_avia_6_1'><label for=\"avia_6_1\" class=\"textare_label hidden textare_label_avia_6_1\">Daha \u00d6nceki \u0130\u015f Tecr\u00fcbleriniz<\/label><textarea  name=\"avia_6_1\" class=\"text_area \" cols=\"40\" rows=\"7\" id=\"avia_6_1\" ><\/textarea><\/p><p class='  first_form  form_element form_fullwidth av-last-visible-form-element' id='element_avia_7_1'><label for=\"avia_7_1\">Erkek Adaylar \u0130\u00e7in Askerlik<\/label><select  name=\"avia_7_1\" class=\"select \" id=\"avia_7_1\"><option   value='Se\u00e7iniz'>Se\u00e7iniz<\/option><option   value='Yap\u0131ld\u0131'>Yap\u0131ld\u0131<\/option><option   value='Yap\u0131lmad\u0131'>Yap\u0131lmad\u0131<\/option><\/select><\/p><p class=\"hidden\"><input type=\"text\" name=\"avia_8_1\" class=\"hidden \" id=\"avia_8_1\" value=\"\" \/><\/p><p class=\"form_element \"><input type=\"hidden\" value=\"1\" name=\"avia_generated_form1\" \/><input type=\"submit\" value=\"G\u00f6nder\" class=\"button\"  data-sending-label=\"G\u00f6nderiliyor\"\/><\/p><\/fieldset><\/form><div id=\"ajaxresponse_1\" class=\"ajaxresponse ajaxresponse_1 hidden\"><\/div><\/p><\/div><\/p>\n","protected":false},"excerpt":{"rendered":"","protected":false},"author":1,"featured_media":0,"parent":0,"menu_order":0,"comment_status":"closed","ping_status":"closed","template":"","meta":{"footnotes":""},"class_list":["post-289","page","type-page","status-publish","hentry"],"_links":{"self":[{"href":"https:\/\/nasipgrup.com.tr\/index.php\/wp-json\/wp\/v2\/pages\/289","targetHints":{"allow":["GET"]}}],"collection":[{"href":"https:\/\/nasipgrup.com.tr\/index.php\/wp-json\/wp\/v2\/pages"}],"about":[{"href":"https:\/\/nasipgrup.com.tr\/index.php\/wp-json\/wp\/v2\/types\/page"}],"author":[{"embeddable":true,"href":"https:\/\/nasipgrup.com.tr\/index.php\/wp-json\/wp\/v2\/users\/1"}],"replies":[{"embeddable":true,"href":"https:\/\/nasipgrup.com.tr\/index.php\/wp-json\/wp\/v2\/comments?post=289"}],"version-history":[{"count":4,"href":"https:\/\/nasipgrup.com.tr\/index.php\/wp-json\/wp\/v2\/pages\/289\/revisions"}],"predecessor-version":[{"id":296,"href":"https:\/\/nasipgrup.com.tr\/index.php\/wp-json\/wp\/v2\/pages\/289\/revisions\/296"}],"wp:attachment":[{"href":"https:\/\/nasipgrup.com.tr\/index.php\/wp-json\/wp\/v2\/media?parent=289"}],"curies":[{"name":"wp","href":"https:\/\/api.w.org\/{rel}","templated":true}]}}