{"id":269,"date":"2026-02-15T17:52:07","date_gmt":"2026-02-15T17:52:07","guid":{"rendered":"https:\/\/nasipgrup.com.tr\/?page_id=269"},"modified":"2026-03-11T13:07:04","modified_gmt":"2026-03-11T13:07:04","slug":"iletisim","status":"publish","type":"page","link":"https:\/\/nasipgrup.com.tr\/index.php\/iletisim\/","title":{"rendered":"\u0130leti\u015fim"},"content":{"rendered":"\n<style type=\"text\/css\" data-created_by=\"avia_inline_auto\" id=\"style-css-av-1db8dx-2453774cac6059974af1557f9d3d214b\">\n.avia-section.av-1db8dx-2453774cac6059974af1557f9d3d214b .av-parallax .av-parallax-inner{\nbackground-repeat:no-repeat;\nbackground-image:url(https:\/\/nasipgrup.com.tr\/wp-content\/uploads\/2026\/02\/contact-banner.jpeg);\nbackground-position:50% 50%;\nbackground-attachment:scroll;\n}\n<\/style>\n<div id='av_section_1'  class='avia-section av-1db8dx-2453774cac6059974af1557f9d3d214b main_color avia-section-default avia-no-border-styling  avia-builder-el-0  el_before_av_one_half  avia-builder-el-first  av-parallax-section avia-bg-style-parallax av-minimum-height av-minimum-height-custom av-height-custom  container_wrap sidebar_right'  data-section-bg-repeat='no-repeat' data-av_minimum_height_px='400'><div class='av-parallax' data-avia-parallax-ratio='0.3' ><div class='av-parallax-inner main_color avia-full-stretch'><\/div><\/div><div class='container av-section-cont-open' style='height:400px'><main  role=\"main\" itemprop=\"mainContentOfPage\"  class='template-page content  av-content-small alpha units'><div class='post-entry post-entry-type-page post-entry-269'><div class='entry-content-wrapper clearfix'><\/div><\/div><\/main><!-- close content main element --><\/div><\/div><div id='after_section_1'  class='main_color av_default_container_wrap container_wrap sidebar_right'  ><div class='container av-section-cont-open' ><div class='template-page content  av-content-small alpha units'><div class='post-entry post-entry-type-page post-entry-269'><div class='entry-content-wrapper clearfix'>\n<div  class='flex_column av-193z65-01a5d3ad096667c44f6d42cea2954fe3 av_one_half  avia-builder-el-1  el_after_av_section  el_before_av_one_half  avia-builder-el-first  first flex_column_div  '     ><p>\n<style type=\"text\/css\" data-created_by=\"avia_inline_auto\" id=\"style-css-av-mlo1nosj-f291455fc83727e4fb9f203954f00713\">\n#top .av-special-heading.av-mlo1nosj-f291455fc83727e4fb9f203954f00713{\npadding-bottom:10px;\n}\nbody .av-special-heading.av-mlo1nosj-f291455fc83727e4fb9f203954f00713 .av-special-heading-tag .heading-char{\nfont-size:25px;\n}\n.av-special-heading.av-mlo1nosj-f291455fc83727e4fb9f203954f00713 .av-subheading{\nfont-size:15px;\n}\n<\/style>\n<div  class='av-special-heading av-mlo1nosj-f291455fc83727e4fb9f203954f00713 av-special-heading-h3  avia-builder-el-2  el_before_av_textblock  avia-builder-el-first '><h3 class='av-special-heading-tag '  itemprop=\"headline\"  >\u0130leti\u015fim<\/h3><div class=\"special-heading-border\"><div class=\"special-heading-inner-border\"><\/div><\/div><\/div><br \/>\n<section  class='av_textblock_section av-mlo1pb8g-e7879dad7ba8f266921537f35c311bcf '   itemscope=\"itemscope\" itemtype=\"https:\/\/schema.org\/CreativeWork\" ><div class='avia_textblock'  itemprop=\"text\" ><p>Adres: Do\u011fanlar Mah. 1426. Sok. No:15 Bornova \/ \u0130zmir<\/p>\n<p>Email: info@nasipgrup.com.tr<\/p>\n<p>Tel: +90 555 105 45 35<\/p>\n<p>Bursa \u015eubesi:<\/p>\n<p>Adres: \u00c7aml\u0131ca Mah. Lefko\u015fa Cad. No:102\/3 Nil\u00fcfer \/ Bursa<\/p>\n<\/div><\/section><\/p><\/div><div  class='flex_column av-129nvx-d388a5662e735e5987718da0e655e583 av_one_half  avia-builder-el-4  el_after_av_one_half  el_before_av_textblock  flex_column_div  '     ><form action=\"https:\/\/nasipgrup.com.tr\/index.php\/iletisim\/\" method=\"post\" data-fields-with-error=\"Found errors in the following field(s):\" class=\"avia_ajax_form av-form-labels-visible   avia-builder-el-5  avia-builder-el-no-sibling   \" data-avia-form-id=\"1\" data-avia-redirect=''  aria-label='Kontakt Formu' ><h3 class=''>Bize posta g\u00f6nderiniz<\/h3><fieldset><p class='  first_form  form_element form_fullwidth' id='element_avia_1_1'><label for=\"avia_1_1\">\u0130sim <abbr class=\"required\" title=\"Zorunlu\">*<\/abbr><\/label> <input name=\"avia_1_1\" class=\"text_input is_empty\" type=\"text\" id=\"avia_1_1\" value=\"\" \/><\/p><p class='  first_form  form_element form_fullwidth' id='element_avia_2_1'><label for=\"avia_2_1\">E-Posta <abbr class=\"required\" title=\"Zorunlu\">*<\/abbr><\/label> <input name=\"avia_2_1\" class=\"text_input is_email\" type=\"text\" id=\"avia_2_1\" value=\"\" \/><\/p><p class='  first_form  form_element form_fullwidth' id='element_avia_3_1'><label for=\"avia_3_1\">Konu <abbr class=\"required\" title=\"Zorunlu\">*<\/abbr><\/label> <input name=\"avia_3_1\" class=\"text_input is_empty\" type=\"text\" id=\"avia_3_1\" value=\"\" \/><\/p><p class='  first_form  form_element form_fullwidth av-last-visible-form-element' id='element_avia_4_1'><label for=\"avia_4_1\" class=\"textare_label hidden textare_label_avia_4_1\">Mesaj <abbr class=\"required\" title=\"Zorunlu\">*<\/abbr><\/label><textarea  name=\"avia_4_1\" class=\"text_area is_empty\" cols=\"40\" rows=\"7\" id=\"avia_4_1\" ><\/textarea><\/p><p class=\"hidden\"><input type=\"text\" name=\"avia_5_1\" class=\"hidden \" id=\"avia_5_1\" value=\"\" \/><\/p><p class=\"form_element \"><input type=\"hidden\" value=\"1\" name=\"avia_generated_form1\" \/><input type=\"submit\" value=\"G\u00f6nder\" class=\"button\"  data-sending-label=\"G\u00f6nderiliyor\"\/><\/p><\/fieldset><\/form><div id=\"ajaxresponse_1\" class=\"ajaxresponse ajaxresponse_1 hidden\"><\/div><\/div><\/p>\n<section  class='av_textblock_section av-mlo22bn9-622108ac2579b76f0e4eadee336f71d2 '   itemscope=\"itemscope\" itemtype=\"https:\/\/schema.org\/CreativeWork\" ><div class='avia_textblock'  itemprop=\"text\" ><p><iframe src=\"https:\/\/www.google.com\/maps\/embed?pb=!1m18!1m12!1m3!1d3738.927373420159!2d27.255240011918666!3d38.45098817280243!2m3!1f0!2f0!3f0!3m2!1i1024!2i768!4f13.1!3m3!1m2!1s0x14b97ca51188c4eb%3A0xfe6f52581ce969c!2sDo%C4%9Fanlar%2C%201426.%20Sk.%20No%3A15%2C%2035050%20Bornova%2F%C4%B0zmir!5e1!3m2!1str!2str!4v1771178663028!5m2!1str!2str\" width=\"1200\" height=\"450\" style=\"border:0;\" allowfullscreen=\"\" loading=\"lazy\" referrerpolicy=\"no-referrer-when-downgrade\"><\/iframe><\/p>\n<\/div><\/section>\n","protected":false},"excerpt":{"rendered":"","protected":false},"author":1,"featured_media":0,"parent":0,"menu_order":0,"comment_status":"closed","ping_status":"closed","template":"","meta":{"footnotes":""},"class_list":["post-269","page","type-page","status-publish","hentry"],"_links":{"self":[{"href":"https:\/\/nasipgrup.com.tr\/index.php\/wp-json\/wp\/v2\/pages\/269","targetHints":{"allow":["GET"]}}],"collection":[{"href":"https:\/\/nasipgrup.com.tr\/index.php\/wp-json\/wp\/v2\/pages"}],"about":[{"href":"https:\/\/nasipgrup.com.tr\/index.php\/wp-json\/wp\/v2\/types\/page"}],"author":[{"embeddable":true,"href":"https:\/\/nasipgrup.com.tr\/index.php\/wp-json\/wp\/v2\/users\/1"}],"replies":[{"embeddable":true,"href":"https:\/\/nasipgrup.com.tr\/index.php\/wp-json\/wp\/v2\/comments?post=269"}],"version-history":[{"count":11,"href":"https:\/\/nasipgrup.com.tr\/index.php\/wp-json\/wp\/v2\/pages\/269\/revisions"}],"predecessor-version":[{"id":476,"href":"https:\/\/nasipgrup.com.tr\/index.php\/wp-json\/wp\/v2\/pages\/269\/revisions\/476"}],"wp:attachment":[{"href":"https:\/\/nasipgrup.com.tr\/index.php\/wp-json\/wp\/v2\/media?parent=269"}],"curies":[{"name":"wp","href":"https:\/\/api.w.org\/{rel}","templated":true}]}}